{"id":2861,"date":"2026-01-16T14:47:16","date_gmt":"2026-01-16T14:47:16","guid":{"rendered":"https:\/\/amaltech.de\/?page_id=2861"},"modified":"2026-01-16T14:50:53","modified_gmt":"2026-01-16T14:50:53","slug":"uber-uns","status":"publish","type":"page","link":"https:\/\/methanibau.de\/index.php\/uber-uns\/","title":{"rendered":"\u00dcber uns"},"content":{"rendered":"\n<p><strong>Willkommen bei Methani Bau \u2013 Rosenheim &amp; Umgebung.<\/strong><br>Wir sind Ihr zuverl\u00e4ssiger Fachbetrieb f\u00fcr <strong>Putz-, Sanierungs- und Fassadenarbeiten<\/strong> in <strong>Rosenheim, M\u00fcnchen und Umgebung<\/strong>.<\/p>\n\n\n\n<p>Mit <strong>\u00fcber 20 Jahren Erfahrung<\/strong>, sauberer Ausf\u00fchrung und einem hohen Qualit\u00e4tsanspruch unterst\u00fctzen wir private und gewerbliche Kunden bei kleinen und gro\u00dfen Projekten. Unser Fokus liegt auf <strong>termingerechter Arbeit<\/strong>, <strong>professioneller Umsetzung<\/strong> und einer <strong>ehrlichen Beratung<\/strong>, damit Sie langfristig ein perfektes Ergebnis erhalten.<\/p>\n\n\n\n<h3 class=\"wp-block-heading\"><strong>Unsere Leistungen<\/strong><\/h3>\n\n\n\n<p>Wir bieten Ihnen ein breites Leistungsspektrum rund um Bau, Sanierung und Werterhalt:<\/p>\n\n\n\n<ul class=\"wp-block-list\">\n<li><strong>Innenputz &amp; Au\u00dfenputz<\/strong><\/li>\n\n\n\n<li><strong>Fassadenarbeiten &amp; Fassadend\u00e4mmung (WDVS)<\/strong><\/li>\n\n\n\n<li><strong>Sanierung &amp; Bautenschutz<\/strong><\/li>\n\n\n\n<li><strong>Holzschutz<\/strong><\/li>\n\n\n\n<li><strong>Maler- und Renovierungsarbeiten<\/strong><\/li>\n\n\n\n<li><strong>Trockenbauarbeiten<\/strong> <\/li>\n<\/ul>\n\n\n\n<h3 class=\"wp-block-heading\"><strong>Warum Methani Bau?<\/strong><\/h3>\n\n\n\n<p><strong>&#8211; \u00dcber 20 Jahre Erfahrung<\/strong><br>-Saubere und fachgerechte Ausf\u00fchrung<br>&#8211; Zuverl\u00e4ssigkeit &amp; Termintreue<br>&#8211; Pers\u00f6nliche Beratung und klare Kommunikation<br>&#8211; Arbeiten in <strong>Rosenheim, M\u00fcnchen und Umgebung<\/strong><\/p>\n\n\n\n<p>Wenn Sie ein Angebot ben\u00f6tigen oder Fragen haben, kontaktieren Sie uns gerne \u2013 wir freuen uns auf Ihr Projekt.<\/p>\n","protected":false},"excerpt":{"rendered":"<p>Willkommen bei Methani Bau \u2013 Rosenheim &amp; Umgebung.Wir sind Ihr zuverl\u00e4ssiger Fachbetrieb f\u00fcr Putz-, Sanierungs- und Fassadenarbeiten in Rosenheim, M\u00fcnchen und Umgebung. Mit \u00fcber 20 Jahren Erfahrung, sauberer Ausf\u00fchrung und einem hohen Qualit\u00e4tsanspruch unterst\u00fctzen wir private und gewerbliche Kunden bei kleinen und gro\u00dfen Projekten. Unser Fokus liegt auf termingerechter Arbeit, professioneller Umsetzung und einer ehrlichen [&hellip;]<\/p>\n","protected":false},"author":1,"featured_media":0,"parent":0,"menu_order":0,"comment_status":"closed","ping_status":"closed","template":"","meta":{"footnotes":""},"class_list":["post-2861","page","type-page","status-publish","hentry"],"_links":{"self":[{"href":"https:\/\/methanibau.de\/index.php\/wp-json\/wp\/v2\/pages\/2861","targetHints":{"allow":["GET"]}}],"collection":[{"href":"https:\/\/methanibau.de\/index.php\/wp-json\/wp\/v2\/pages"}],"about":[{"href":"https:\/\/methanibau.de\/index.php\/wp-json\/wp\/v2\/types\/page"}],"author":[{"embeddable":true,"href":"https:\/\/methanibau.de\/index.php\/wp-json\/wp\/v2\/users\/1"}],"replies":[{"embeddable":true,"href":"https:\/\/methanibau.de\/index.php\/wp-json\/wp\/v2\/comments?post=2861"}],"version-history":[{"count":3,"href":"https:\/\/methanibau.de\/index.php\/wp-json\/wp\/v2\/pages\/2861\/revisions"}],"predecessor-version":[{"id":2867,"href":"https:\/\/methanibau.de\/index.php\/wp-json\/wp\/v2\/pages\/2861\/revisions\/2867"}],"wp:attachment":[{"href":"https:\/\/methanibau.de\/index.php\/wp-json\/wp\/v2\/media?parent=2861"}],"curies":[{"name":"wp","href":"https:\/\/api.w.org\/{rel}","templated":true}]}}